{"id":35730,"date":"2025-12-21T09:38:33","date_gmt":"2025-12-21T09:38:33","guid":{"rendered":"https:\/\/doktoremrahyildiz.com\/?page_id=35730"},"modified":"2025-12-21T09:41:27","modified_gmt":"2025-12-21T09:41:27","slug":"saglik-turizmi","status":"publish","type":"page","link":"https:\/\/doktoremrahyildiz.com\/?page_id=35730","title":{"rendered":"Sa\u011fl\u0131k Turizmi"},"content":{"rendered":"\t\t<div data-elementor-type=\"wp-page\" data-elementor-id=\"35730\" class=\"elementor elementor-35730\">\n\t\t\t\t<div class=\"elementor-element elementor-element-dd82614 e-flex e-con-boxed cmsmasters-block-default e-con e-parent\" data-id=\"dd82614\" data-element_type=\"container\">\n\t\t\t\t\t<div class=\"e-con-inner\">\n\t\t<div class=\"elementor-element elementor-element-6607173 e-con-full e-flex cmsmasters-block-default e-con e-child\" data-id=\"6607173\" data-element_type=\"container\">\n\t\t\t\t<div class=\"elementor-element elementor-element-1243a63 cmsmasters-block-default cmsmasters-sticky-default elementor-widget elementor-widget-heading\" data-id=\"1243a63\" data-element_type=\"widget\" data-widget_type=\"heading.default\">\n\t\t\t\t<div class=\"elementor-widget-container\">\n\t\t\t\t\t<h3 class=\"elementor-heading-title elementor-size-default\">SA\u011eLIK TUR\u0130ZM\u0130<\/h3>\t\t\t\t<\/div>\n\t\t\t\t<\/div>\n\t\t\t\t<div class=\"elementor-element elementor-element-e5ed675 cmsmasters-block-default cmsmasters-sticky-default elementor-widget elementor-widget-text-editor\" data-id=\"e5ed675\" data-element_type=\"widget\" data-widget_type=\"text-editor.default\">\n\t\t\t\t<div class=\"elementor-widget-container\">\n\t\t\t\t\t\t\t\t\t<p><br \/>\u00a0 Tesisimiz, Uluslararas\u0131 Sa\u011fl\u0131k Turizmi ve Turistin Sa\u011fl\u0131\u011f\u0131 Hakk\u0131nda Y\u00f6netmelik kapsam\u0131nda, Uluslararas\u0131 Sa\u011fl\u0131k Turizmi Sa\u011fl\u0131k Tesisi Yetkinlik Kriterleri&#8217;ne ve Y\u00f6netmeli\u011fin genel esaslar\u0131na uyarak, Uluslararas\u0131 Sa\u011fl\u0131k Turizmi faaliyetinde bulunmaya hak kazanm\u0131\u015ft\u0131r.<\/p><p>\u00a0 Uluslararas\u0131 Sa\u011fl\u0131k Turizmi Yetki Belgesi, T\u00fcrkiye\u2019de sa\u011fl\u0131k turizmi faaliyetlerinde bulunmak isteyen hastaneler, klinikler, poliklinikler ve arac\u0131 kurumlar i\u00e7in T.C. Sa\u011fl\u0131k Bakanl\u0131\u011f\u0131 taraf\u0131ndan verilen resmi bir belgedir.<\/p><p>\u00a0 Bu belge, sa\u011fl\u0131k kurulu\u015funun uluslararas\u0131 standartlarda hizmet verdi\u011fini, gerekli altyap\u0131, donan\u0131m ve personel yeterlili\u011fine sahip oldu\u011funu kan\u0131tlar. Ayn\u0131 zamanda yurt d\u0131\u015f\u0131ndan hasta kabul\u00fcnde g\u00fcvenilirlik sa\u011flar ve sa\u011fl\u0131k turizmi sekt\u00f6r\u00fcnde yasal olarak faaliyet g\u00f6stermenin \u00f6n ko\u015fuludur.<\/p><p><span style=\"text-decoration: underline;\"><a href=\"http:\/\/www.saglikturizmiyetkibelgesi.com\">\u00a0 Sa\u011fl\u0131k Turizmi Yetki Belgesi<\/a><\/span> ve HealthT\u00fcrkiye Portal\u0131 s\u00fcre\u00e7lerimiz <span style=\"text-decoration: underline;\"><a href=\"http:\/\/www.viadanismanlik.com\">V\u0130A Dan\u0131\u015fmanl\u0131k<\/a><\/span> taraf\u0131ndan y\u00fcr\u00fct\u00fclmektedir.<\/p>\t\t\t\t\t\t\t\t<\/div>\n\t\t\t\t<\/div>\n\t\t\t\t<div class=\"elementor-element elementor-element-402445d cmsmasters-block-default cmsmasters-sticky-default elementor-widget elementor-widget-image\" data-id=\"402445d\" data-element_type=\"widget\" data-widget_type=\"image.default\">\n\t\t\t\t<div class=\"elementor-widget-container\">\n\t\t\t\t\t\t\t\t\t\t\t\t\t\t\t<img fetchpriority=\"high\" decoding=\"async\" width=\"926\" height=\"631\" src=\"https:\/\/doktoremrahyildiz.com\/wp-content\/uploads\/2025\/12\/Ekran-goruntusu_21-12-2025_124024_-30x20.jpeg\" class=\"attachment-large size-large wp-image-35733 cmsmasters_img cmsmasters-lazyload lazyload\" alt=\"\" data-sizes=\"(max-width: 926px) 100vw, 926px\" data-src=\"https:\/\/doktoremrahyildiz.com\/wp-content\/uploads\/2025\/12\/Ekran-goruntusu_21-12-2025_124024_.jpeg\" data-srcset=\"https:\/\/doktoremrahyildiz.com\/wp-content\/uploads\/2025\/12\/Ekran-goruntusu_21-12-2025_124024_.jpeg 926w, https:\/\/doktoremrahyildiz.com\/wp-content\/uploads\/2025\/12\/Ekran-goruntusu_21-12-2025_124024_-300x204.jpeg 300w, https:\/\/doktoremrahyildiz.com\/wp-content\/uploads\/2025\/12\/Ekran-goruntusu_21-12-2025_124024_-768x523.jpeg 768w, https:\/\/doktoremrahyildiz.com\/wp-content\/uploads\/2025\/12\/Ekran-goruntusu_21-12-2025_124024_-440x300.jpeg 440w, https:\/\/doktoremrahyildiz.com\/wp-content\/uploads\/2025\/12\/Ekran-goruntusu_21-12-2025_124024_-30x20.jpeg 30w, https:\/\/doktoremrahyildiz.com\/wp-content\/uploads\/2025\/12\/Ekran-goruntusu_21-12-2025_124024_-15x10.jpeg 15w\" srcset=\"https:\/\/doktoremrahyildiz.com\/wp-content\/uploads\/2025\/12\/Ekran-goruntusu_21-12-2025_124024_-30x20.jpeg 30w, https:\/\/doktoremrahyildiz.com\/wp-content\/uploads\/2025\/12\/Ekran-goruntusu_21-12-2025_124024_-300x204.jpeg 300w, https:\/\/doktoremrahyildiz.com\/wp-content\/uploads\/2025\/12\/Ekran-goruntusu_21-12-2025_124024_-768x523.jpeg 768w, https:\/\/doktoremrahyildiz.com\/wp-content\/uploads\/2025\/12\/Ekran-goruntusu_21-12-2025_124024_-440x300.jpeg 440w, https:\/\/doktoremrahyildiz.com\/wp-content\/uploads\/2025\/12\/Ekran-goruntusu_21-12-2025_124024_-15x10.jpeg 15w, https:\/\/doktoremrahyildiz.com\/wp-content\/uploads\/2025\/12\/Ekran-goruntusu_21-12-2025_124024_.jpeg 926w\" sizes=\"(max-width: 926px) 100vw, 926px\" \/>\t\t\t\t\t\t\t\t\t\t\t\t\t\t\t<\/div>\n\t\t\t\t<\/div>\n\t\t\t\t<\/div>\n\t\t<div class=\"elementor-element elementor-element-9f5a8c4 e-con-full e-flex cmsmasters-block-default e-con e-child\" data-id=\"9f5a8c4\" data-element_type=\"container\">\n\t\t\t\t<div class=\"elementor-element elementor-element-4196b48 cmsmasters-block-default cmsmasters-sticky-default elementor-widget elementor-widget-image\" data-id=\"4196b48\" data-element_type=\"widget\" data-widget_type=\"image.default\">\n\t\t\t\t<div class=\"elementor-widget-container\">\n\t\t\t\t\t\t\t\t\t\t\t\t\t\t\t<img decoding=\"async\" width=\"1024\" height=\"674\" src=\"https:\/\/doktoremrahyildiz.com\/wp-content\/uploads\/2025\/12\/1155_1-30x20.jpg\" class=\"attachment-large size-large wp-image-35732 cmsmasters_img cmsmasters-lazyload lazyload\" alt=\"\" data-sizes=\"(max-width: 1024px) 100vw, 1024px\" data-src=\"https:\/\/doktoremrahyildiz.com\/wp-content\/uploads\/2025\/12\/1155_1-1024x674.jpg\" data-srcset=\"https:\/\/doktoremrahyildiz.com\/wp-content\/uploads\/2025\/12\/1155_1-1024x674.jpg 1024w, https:\/\/doktoremrahyildiz.com\/wp-content\/uploads\/2025\/12\/1155_1-300x198.jpg 300w, https:\/\/doktoremrahyildiz.com\/wp-content\/uploads\/2025\/12\/1155_1-768x506.jpg 768w, https:\/\/doktoremrahyildiz.com\/wp-content\/uploads\/2025\/12\/1155_1-455x300.jpg 455w, https:\/\/doktoremrahyildiz.com\/wp-content\/uploads\/2025\/12\/1155_1-30x20.jpg 30w, https:\/\/doktoremrahyildiz.com\/wp-content\/uploads\/2025\/12\/1155_1-15x10.jpg 15w, https:\/\/doktoremrahyildiz.com\/wp-content\/uploads\/2025\/12\/1155_1.jpg 1128w\" srcset=\"https:\/\/doktoremrahyildiz.com\/wp-content\/uploads\/2025\/12\/1155_1-30x20.jpg 30w, https:\/\/doktoremrahyildiz.com\/wp-content\/uploads\/2025\/12\/1155_1-300x198.jpg 300w, https:\/\/doktoremrahyildiz.com\/wp-content\/uploads\/2025\/12\/1155_1-1024x674.jpg 1024w, https:\/\/doktoremrahyildiz.com\/wp-content\/uploads\/2025\/12\/1155_1-768x506.jpg 768w, https:\/\/doktoremrahyildiz.com\/wp-content\/uploads\/2025\/12\/1155_1-455x300.jpg 455w, https:\/\/doktoremrahyildiz.com\/wp-content\/uploads\/2025\/12\/1155_1-15x10.jpg 15w, https:\/\/doktoremrahyildiz.com\/wp-content\/uploads\/2025\/12\/1155_1.jpg 1128w\" sizes=\"(max-width: 1024px) 100vw, 1024px\" \/>\t\t\t\t\t\t\t\t\t\t\t\t\t\t\t<\/div>\n\t\t\t\t<\/div>\n\t\t\t\t<\/div>\n\t\t\t\t\t<\/div>\n\t\t\t\t<\/div>\n\t\t<div class=\"elementor-element elementor-element-2bd51c8 e-flex e-con-boxed cmsmasters-block-default e-con e-parent\" data-id=\"2bd51c8\" data-element_type=\"container\">\n\t\t\t\t\t<div class=\"e-con-inner\">\n\t\t\t\t<div class=\"elementor-element elementor-element-58a2753 elementor-widget-divider--view-line cmsmasters-block-default cmsmasters-sticky-default elementor-widget elementor-widget-divider\" data-id=\"58a2753\" data-element_type=\"widget\" data-widget_type=\"divider.default\">\n\t\t\t\t<div class=\"elementor-widget-container\">\n\t\t\t\t\t\t\t<div class=\"elementor-divider\">\n\t\t\t<span class=\"elementor-divider-separator\">\n\t\t\t\t\t\t<\/span>\n\t\t<\/div>\n\t\t\t\t\t\t<\/div>\n\t\t\t\t<\/div>\n\t\t\t\t\t<\/div>\n\t\t\t\t<\/div>\n\t\t\t\t<\/div>\n\t\t","protected":false},"excerpt":{"rendered":"<p>SA\u011eLIK TUR\u0130ZM\u0130 \u00a0 Tesisimiz, Uluslararas\u0131 Sa\u011fl\u0131k Turizmi ve Turistin Sa\u011fl\u0131\u011f\u0131 Hakk\u0131nda Y\u00f6netmelik kapsam\u0131nda, Uluslararas\u0131 Sa\u011fl\u0131k Turizmi Sa\u011fl\u0131k Tesisi Yetkinlik Kriterleri&#8217;ne ve Y\u00f6netmeli\u011fin genel esaslar\u0131na uyarak, Uluslararas\u0131 Sa\u011fl\u0131k Turizmi faaliyetinde bulunmaya hak kazanm\u0131\u015ft\u0131r. \u00a0 Uluslararas\u0131 Sa\u011fl\u0131k Turizmi Yetki Belgesi, T\u00fcrkiye\u2019de sa\u011fl\u0131k turizmi faaliyetlerinde bulunmak isteyen hastaneler, klinikler, poliklinikler ve arac\u0131 kurumlar i\u00e7in T.C. Sa\u011fl\u0131k Bakanl\u0131\u011f\u0131 taraf\u0131ndan&#8230;<\/p>\n","protected":false},"author":2,"featured_media":35439,"parent":0,"menu_order":0,"comment_status":"closed","ping_status":"closed","template":"","meta":{"_acf_changed":false,"footnotes":""},"class_list":["post-35730","page","type-page","status-publish","has-post-thumbnail","hentry"],"acf":[],"yoast_head":"<!-- This site is optimized with the Yoast SEO plugin v26.7 - https:\/\/yoast.com\/wordpress\/plugins\/seo\/ -->\n<title>Sa\u011fl\u0131k Turizmi - DR. EMRAH YILDIZ<\/title>\n<meta name=\"description\" content=\"DR. EMRAH YILDIZ - Sa\u011fl\u0131k Turizmi -\" \/>\n<meta name=\"robots\" content=\"index, follow, max-snippet:-1, max-image-preview:large, max-video-preview:-1\" \/>\n<link rel=\"canonical\" href=\"https:\/\/doktoremrahyildiz.com\/?page_id=35730\" \/>\n<meta property=\"og:locale\" content=\"tr_TR\" \/>\n<meta property=\"og:type\" content=\"article\" \/>\n<meta property=\"og:title\" content=\"Sa\u011fl\u0131k Turizmi - DR. EMRAH YILDIZ\" \/>\n<meta property=\"og:description\" content=\"DR. EMRAH YILDIZ - Sa\u011fl\u0131k Turizmi -\" \/>\n<meta property=\"og:url\" content=\"https:\/\/doktoremrahyildiz.com\/?page_id=35730\" \/>\n<meta property=\"og:site_name\" content=\"DR. EMRAH YILDIZ\" \/>\n<meta property=\"article:modified_time\" content=\"2025-12-21T09:41:27+00:00\" \/>\n<meta property=\"og:image\" content=\"https:\/\/doktoremrahyildiz.com\/wp-content\/uploads\/2025\/07\/admin-ajax.jpeg\" \/>\n\t<meta property=\"og:image:width\" content=\"427\" \/>\n\t<meta property=\"og:image:height\" content=\"600\" \/>\n\t<meta property=\"og:image:type\" content=\"image\/jpeg\" \/>\n<meta name=\"twitter:card\" content=\"summary_large_image\" \/>\n<meta name=\"twitter:label1\" content=\"Tahmini okuma s\u00fcresi\" \/>\n\t<meta name=\"twitter:data1\" content=\"2 dakika\" \/>\n<script type=\"application\/ld+json\" class=\"yoast-schema-graph\">{\"@context\":\"https:\/\/schema.org\",\"@graph\":[{\"@type\":\"WebPage\",\"@id\":\"https:\/\/doktoremrahyildiz.com\/?page_id=35730\",\"url\":\"https:\/\/doktoremrahyildiz.com\/?page_id=35730\",\"name\":\"Sa\u011fl\u0131k Turizmi - DR. EMRAH YILDIZ\",\"isPartOf\":{\"@id\":\"https:\/\/doktoremrahyildiz.com\/#website\"},\"primaryImageOfPage\":{\"@id\":\"https:\/\/doktoremrahyildiz.com\/?page_id=35730#primaryimage\"},\"image\":{\"@id\":\"https:\/\/doktoremrahyildiz.com\/?page_id=35730#primaryimage\"},\"thumbnailUrl\":\"https:\/\/doktoremrahyildiz.com\/wp-content\/uploads\/2025\/07\/admin-ajax.jpeg\",\"datePublished\":\"2025-12-21T09:38:33+00:00\",\"dateModified\":\"2025-12-21T09:41:27+00:00\",\"description\":\"DR. EMRAH YILDIZ - Sa\u011fl\u0131k Turizmi -\",\"breadcrumb\":{\"@id\":\"https:\/\/doktoremrahyildiz.com\/?page_id=35730#breadcrumb\"},\"inLanguage\":\"tr\",\"potentialAction\":[{\"@type\":\"ReadAction\",\"target\":[\"https:\/\/doktoremrahyildiz.com\/?page_id=35730\"]}]},{\"@type\":\"ImageObject\",\"inLanguage\":\"tr\",\"@id\":\"https:\/\/doktoremrahyildiz.com\/?page_id=35730#primaryimage\",\"url\":\"https:\/\/doktoremrahyildiz.com\/wp-content\/uploads\/2025\/07\/admin-ajax.jpeg\",\"contentUrl\":\"https:\/\/doktoremrahyildiz.com\/wp-content\/uploads\/2025\/07\/admin-ajax.jpeg\",\"width\":427,\"height\":600},{\"@type\":\"BreadcrumbList\",\"@id\":\"https:\/\/doktoremrahyildiz.com\/?page_id=35730#breadcrumb\",\"itemListElement\":[{\"@type\":\"ListItem\",\"position\":1,\"name\":\"Anasayfa\",\"item\":\"https:\/\/doktoremrahyildiz.com\/\"},{\"@type\":\"ListItem\",\"position\":2,\"name\":\"Sa\u011fl\u0131k Turizmi\"}]},{\"@type\":\"WebSite\",\"@id\":\"https:\/\/doktoremrahyildiz.com\/#website\",\"url\":\"https:\/\/doktoremrahyildiz.com\/\",\"name\":\"DR. EMRAH YILDIZ\",\"description\":\"DOKTOR\",\"publisher\":{\"@id\":\"https:\/\/doktoremrahyildiz.com\/#organization\"},\"alternateName\":\"DR. EMRAH YILDIZ\",\"potentialAction\":[{\"@type\":\"SearchAction\",\"target\":{\"@type\":\"EntryPoint\",\"urlTemplate\":\"https:\/\/doktoremrahyildiz.com\/?s={search_term_string}\"},\"query-input\":{\"@type\":\"PropertyValueSpecification\",\"valueRequired\":true,\"valueName\":\"search_term_string\"}}],\"inLanguage\":\"tr\"},{\"@type\":\"Organization\",\"@id\":\"https:\/\/doktoremrahyildiz.com\/#organization\",\"name\":\"DR. EMRAH YILDIZ\",\"alternateName\":\"DR. EMRAH YILDIZ\",\"url\":\"https:\/\/doktoremrahyildiz.com\/\",\"logo\":{\"@type\":\"ImageObject\",\"inLanguage\":\"tr\",\"@id\":\"https:\/\/doktoremrahyildiz.com\/#\/schema\/logo\/image\/\",\"url\":\"https:\/\/emrah.dreklam.org\/wp-content\/uploads\/2025\/07\/admin-ajax-2.png\",\"contentUrl\":\"https:\/\/emrah.dreklam.org\/wp-content\/uploads\/2025\/07\/admin-ajax-2.png\",\"width\":496,\"height\":108,\"caption\":\"DR. EMRAH YILDIZ\"},\"image\":{\"@id\":\"https:\/\/doktoremrahyildiz.com\/#\/schema\/logo\/image\/\"}}]}<\/script>\n<!-- \/ Yoast SEO plugin. -->","yoast_head_json":{"title":"Sa\u011fl\u0131k Turizmi - DR. EMRAH YILDIZ","description":"DR. EMRAH YILDIZ - Sa\u011fl\u0131k Turizmi -","robots":{"index":"index","follow":"follow","max-snippet":"max-snippet:-1","max-image-preview":"max-image-preview:large","max-video-preview":"max-video-preview:-1"},"canonical":"https:\/\/doktoremrahyildiz.com\/?page_id=35730","og_locale":"tr_TR","og_type":"article","og_title":"Sa\u011fl\u0131k Turizmi - DR. EMRAH YILDIZ","og_description":"DR. EMRAH YILDIZ - Sa\u011fl\u0131k Turizmi -","og_url":"https:\/\/doktoremrahyildiz.com\/?page_id=35730","og_site_name":"DR. EMRAH YILDIZ","article_modified_time":"2025-12-21T09:41:27+00:00","og_image":[{"width":427,"height":600,"url":"https:\/\/doktoremrahyildiz.com\/wp-content\/uploads\/2025\/07\/admin-ajax.jpeg","type":"image\/jpeg"}],"twitter_card":"summary_large_image","twitter_misc":{"Tahmini okuma s\u00fcresi":"2 dakika"},"schema":{"@context":"https:\/\/schema.org","@graph":[{"@type":"WebPage","@id":"https:\/\/doktoremrahyildiz.com\/?page_id=35730","url":"https:\/\/doktoremrahyildiz.com\/?page_id=35730","name":"Sa\u011fl\u0131k Turizmi - DR. EMRAH YILDIZ","isPartOf":{"@id":"https:\/\/doktoremrahyildiz.com\/#website"},"primaryImageOfPage":{"@id":"https:\/\/doktoremrahyildiz.com\/?page_id=35730#primaryimage"},"image":{"@id":"https:\/\/doktoremrahyildiz.com\/?page_id=35730#primaryimage"},"thumbnailUrl":"https:\/\/doktoremrahyildiz.com\/wp-content\/uploads\/2025\/07\/admin-ajax.jpeg","datePublished":"2025-12-21T09:38:33+00:00","dateModified":"2025-12-21T09:41:27+00:00","description":"DR. EMRAH YILDIZ - Sa\u011fl\u0131k Turizmi -","breadcrumb":{"@id":"https:\/\/doktoremrahyildiz.com\/?page_id=35730#breadcrumb"},"inLanguage":"tr","potentialAction":[{"@type":"ReadAction","target":["https:\/\/doktoremrahyildiz.com\/?page_id=35730"]}]},{"@type":"ImageObject","inLanguage":"tr","@id":"https:\/\/doktoremrahyildiz.com\/?page_id=35730#primaryimage","url":"https:\/\/doktoremrahyildiz.com\/wp-content\/uploads\/2025\/07\/admin-ajax.jpeg","contentUrl":"https:\/\/doktoremrahyildiz.com\/wp-content\/uploads\/2025\/07\/admin-ajax.jpeg","width":427,"height":600},{"@type":"BreadcrumbList","@id":"https:\/\/doktoremrahyildiz.com\/?page_id=35730#breadcrumb","itemListElement":[{"@type":"ListItem","position":1,"name":"Anasayfa","item":"https:\/\/doktoremrahyildiz.com\/"},{"@type":"ListItem","position":2,"name":"Sa\u011fl\u0131k Turizmi"}]},{"@type":"WebSite","@id":"https:\/\/doktoremrahyildiz.com\/#website","url":"https:\/\/doktoremrahyildiz.com\/","name":"DR. EMRAH YILDIZ","description":"DOKTOR","publisher":{"@id":"https:\/\/doktoremrahyildiz.com\/#organization"},"alternateName":"DR. EMRAH YILDIZ","potentialAction":[{"@type":"SearchAction","target":{"@type":"EntryPoint","urlTemplate":"https:\/\/doktoremrahyildiz.com\/?s={search_term_string}"},"query-input":{"@type":"PropertyValueSpecification","valueRequired":true,"valueName":"search_term_string"}}],"inLanguage":"tr"},{"@type":"Organization","@id":"https:\/\/doktoremrahyildiz.com\/#organization","name":"DR. EMRAH YILDIZ","alternateName":"DR. EMRAH YILDIZ","url":"https:\/\/doktoremrahyildiz.com\/","logo":{"@type":"ImageObject","inLanguage":"tr","@id":"https:\/\/doktoremrahyildiz.com\/#\/schema\/logo\/image\/","url":"https:\/\/emrah.dreklam.org\/wp-content\/uploads\/2025\/07\/admin-ajax-2.png","contentUrl":"https:\/\/emrah.dreklam.org\/wp-content\/uploads\/2025\/07\/admin-ajax-2.png","width":496,"height":108,"caption":"DR. EMRAH YILDIZ"},"image":{"@id":"https:\/\/doktoremrahyildiz.com\/#\/schema\/logo\/image\/"}}]}},"_links":{"self":[{"href":"https:\/\/doktoremrahyildiz.com\/index.php?rest_route=\/wp\/v2\/pages\/35730","targetHints":{"allow":["GET"]}}],"collection":[{"href":"https:\/\/doktoremrahyildiz.com\/index.php?rest_route=\/wp\/v2\/pages"}],"about":[{"href":"https:\/\/doktoremrahyildiz.com\/index.php?rest_route=\/wp\/v2\/types\/page"}],"author":[{"embeddable":true,"href":"https:\/\/doktoremrahyildiz.com\/index.php?rest_route=\/wp\/v2\/users\/2"}],"replies":[{"embeddable":true,"href":"https:\/\/doktoremrahyildiz.com\/index.php?rest_route=%2Fwp%2Fv2%2Fcomments&post=35730"}],"version-history":[{"count":4,"href":"https:\/\/doktoremrahyildiz.com\/index.php?rest_route=\/wp\/v2\/pages\/35730\/revisions"}],"predecessor-version":[{"id":35736,"href":"https:\/\/doktoremrahyildiz.com\/index.php?rest_route=\/wp\/v2\/pages\/35730\/revisions\/35736"}],"wp:featuredmedia":[{"embeddable":true,"href":"https:\/\/doktoremrahyildiz.com\/index.php?rest_route=\/wp\/v2\/media\/35439"}],"wp:attachment":[{"href":"https:\/\/doktoremrahyildiz.com\/index.php?rest_route=%2Fwp%2Fv2%2Fmedia&parent=35730"}],"curies":[{"name":"wp","href":"https:\/\/api.w.org\/{rel}","templated":true}]}}