{"id":29193,"date":"2024-02-12T14:31:52","date_gmt":"2024-02-12T14:31:52","guid":{"rendered":"https:\/\/theme-dev.cmsmasters.net\/dental-clone\/?page_id=29193"},"modified":"2025-07-07T07:36:09","modified_gmt":"2025-07-07T07:36:09","slug":"hakkimizda","status":"publish","type":"page","link":"https:\/\/doktoremrahyildiz.com\/?page_id=29193","title":{"rendered":"Hakk\u0131m\u0131zda"},"content":{"rendered":"\t\t<div data-elementor-type=\"wp-page\" data-elementor-id=\"29193\" class=\"elementor elementor-29193\">\n\t\t\t\t<div class=\"elementor-element elementor-element-dd82614 e-flex e-con-boxed cmsmasters-block-default e-con e-parent\" data-id=\"dd82614\" data-element_type=\"container\">\n\t\t\t\t\t<div class=\"e-con-inner\">\n\t\t<div class=\"elementor-element elementor-element-6607173 e-con-full e-flex cmsmasters-block-default e-con e-child\" data-id=\"6607173\" data-element_type=\"container\">\n\t\t\t\t<div class=\"elementor-element elementor-element-1243a63 cmsmasters-block-default cmsmasters-sticky-default elementor-widget elementor-widget-heading\" data-id=\"1243a63\" data-element_type=\"widget\" data-widget_type=\"heading.default\">\n\t\t\t\t<div class=\"elementor-widget-container\">\n\t\t\t\t\t<h3 class=\"elementor-heading-title elementor-size-default\">Hakk\u0131mda<\/h3>\t\t\t\t<\/div>\n\t\t\t\t<\/div>\n\t\t\t\t<div class=\"elementor-element elementor-element-251f886 cmsmasters-block-default cmsmasters-sticky-default elementor-widget elementor-widget-heading\" data-id=\"251f886\" data-element_type=\"widget\" data-widget_type=\"heading.default\">\n\t\t\t\t<div class=\"elementor-widget-container\">\n\t\t\t\t\t<h3 class=\"elementor-heading-title elementor-size-default\">DR. EMRAH YILDIZ<\/h3>\t\t\t\t<\/div>\n\t\t\t\t<\/div>\n\t\t\t\t<div class=\"elementor-element elementor-element-e5ed675 cmsmasters-block-default cmsmasters-sticky-default elementor-widget elementor-widget-text-editor\" data-id=\"e5ed675\" data-element_type=\"widget\" data-widget_type=\"text-editor.default\">\n\t\t\t\t<div class=\"elementor-widget-container\">\n\t\t\t\t\t\t\t\t\t<p>1987 y\u0131l\u0131nda Diyarba\u0131r\u2019da do\u011fdu. 2010 y\u0131l\u0131nda Dicle \u00dcniversitesi T\u0131p Fak\u00fcltesinden mezun oldu g\u00fcn\u00fcm\u00fczde kendi ofisinde \u00e7al\u0131\u015fmalar\u0131na devam etmektedir.<\/p>\t\t\t\t\t\t\t\t<\/div>\n\t\t\t\t<\/div>\n\t\t\t\t<\/div>\n\t\t\t\t<div class=\"elementor-element elementor-element-4b0282f cmsmasters-block-default cmsmasters-sticky-default elementor-widget elementor-widget-heading\" data-id=\"4b0282f\" data-element_type=\"widget\" data-widget_type=\"heading.default\">\n\t\t\t\t<div class=\"elementor-widget-container\">\n\t\t\t\t\t<h4 class=\"elementor-heading-title elementor-size-default\">\u00d6zge\u00e7mi\u015f<\/h4>\t\t\t\t<\/div>\n\t\t\t\t<\/div>\n\t\t<div class=\"elementor-element elementor-element-9f5a8c4 e-con-full e-flex cmsmasters-block-default e-con e-child\" data-id=\"9f5a8c4\" data-element_type=\"container\">\n\t\t\t\t<div class=\"elementor-element elementor-element-4196b48 cmsmasters-block-default cmsmasters-sticky-default elementor-widget elementor-widget-image\" data-id=\"4196b48\" data-element_type=\"widget\" data-widget_type=\"image.default\">\n\t\t\t\t<div class=\"elementor-widget-container\">\n\t\t\t\t\t\t\t\t\t\t\t\t\t\t\t<img fetchpriority=\"high\" decoding=\"async\" width=\"768\" height=\"1024\" src=\"https:\/\/doktoremrahyildiz.com\/wp-content\/uploads\/2025\/07\/IMG_4818-23x30.jpg\" class=\"attachment-large size-large wp-image-35559 cmsmasters_img cmsmasters-lazyload lazyload\" alt=\"\" data-sizes=\"(max-width: 768px) 100vw, 768px\" data-src=\"https:\/\/doktoremrahyildiz.com\/wp-content\/uploads\/2025\/07\/IMG_4818-768x1024.jpg\" data-srcset=\"https:\/\/doktoremrahyildiz.com\/wp-content\/uploads\/2025\/07\/IMG_4818-768x1024.jpg 768w, https:\/\/doktoremrahyildiz.com\/wp-content\/uploads\/2025\/07\/IMG_4818-225x300.jpg 225w, https:\/\/doktoremrahyildiz.com\/wp-content\/uploads\/2025\/07\/IMG_4818-1152x1536.jpg 1152w, https:\/\/doktoremrahyildiz.com\/wp-content\/uploads\/2025\/07\/IMG_4818-1536x2048.jpg 1536w, https:\/\/doktoremrahyildiz.com\/wp-content\/uploads\/2025\/07\/IMG_4818-30x40.jpg 30w, https:\/\/doktoremrahyildiz.com\/wp-content\/uploads\/2025\/07\/IMG_4818-23x30.jpg 23w, https:\/\/doktoremrahyildiz.com\/wp-content\/uploads\/2025\/07\/IMG_4818-8x10.jpg 8w, https:\/\/doktoremrahyildiz.com\/wp-content\/uploads\/2025\/07\/IMG_4818-scaled.jpg 1920w\" srcset=\"https:\/\/doktoremrahyildiz.com\/wp-content\/uploads\/2025\/07\/IMG_4818-23x30.jpg 23w, https:\/\/doktoremrahyildiz.com\/wp-content\/uploads\/2025\/07\/IMG_4818-225x300.jpg 225w, https:\/\/doktoremrahyildiz.com\/wp-content\/uploads\/2025\/07\/IMG_4818-768x1024.jpg 768w, https:\/\/doktoremrahyildiz.com\/wp-content\/uploads\/2025\/07\/IMG_4818-1152x1536.jpg 1152w, https:\/\/doktoremrahyildiz.com\/wp-content\/uploads\/2025\/07\/IMG_4818-1536x2048.jpg 1536w, https:\/\/doktoremrahyildiz.com\/wp-content\/uploads\/2025\/07\/IMG_4818-30x40.jpg 30w, https:\/\/doktoremrahyildiz.com\/wp-content\/uploads\/2025\/07\/IMG_4818-8x10.jpg 8w, https:\/\/doktoremrahyildiz.com\/wp-content\/uploads\/2025\/07\/IMG_4818-scaled.jpg 1920w\" sizes=\"(max-width: 768px) 100vw, 768px\" \/>\t\t\t\t\t\t\t\t\t\t\t\t\t\t\t<\/div>\n\t\t\t\t<\/div>\n\t\t\t\t<\/div>\n\t\t\t\t\t<\/div>\n\t\t\t\t<\/div>\n\t\t<div class=\"elementor-element elementor-element-2bd51c8 e-flex e-con-boxed cmsmasters-block-default e-con e-parent\" data-id=\"2bd51c8\" data-element_type=\"container\">\n\t\t\t\t\t<div class=\"e-con-inner\">\n\t\t\t\t<div class=\"elementor-element elementor-element-58a2753 elementor-widget-divider--view-line cmsmasters-block-default cmsmasters-sticky-default elementor-widget elementor-widget-divider\" data-id=\"58a2753\" data-element_type=\"widget\" data-widget_type=\"divider.default\">\n\t\t\t\t<div class=\"elementor-widget-container\">\n\t\t\t\t\t\t\t<div class=\"elementor-divider\">\n\t\t\t<span class=\"elementor-divider-separator\">\n\t\t\t\t\t\t<\/span>\n\t\t<\/div>\n\t\t\t\t\t\t<\/div>\n\t\t\t\t<\/div>\n\t\t\t\t\t<\/div>\n\t\t\t\t<\/div>\n\t\t<div class=\"elementor-element elementor-element-2ea266b e-flex e-con-boxed cmsmasters-block-default e-con e-parent\" data-id=\"2ea266b\" data-element_type=\"container\">\n\t\t\t\t\t<div class=\"e-con-inner\">\n\t\t\t\t\t<\/div>\n\t\t\t\t<\/div>\n\t\t<section class=\"elementor-element elementor-element-6d94950 e-con-full e-flex cmsmasters-bg-hide-none cmsmasters-bg-hide-none cmsmasters-block-default e-con e-parent\" data-id=\"6d94950\" data-element_type=\"container\" data-settings=\"{&quot;background_background&quot;:&quot;classic&quot;}\">\n\t\t<div class=\"elementor-element elementor-element-5b25aba e-con-full e-flex cmsmasters-block-default e-con e-child\" data-id=\"5b25aba\" data-element_type=\"container\">\n\t\t<section class=\"elementor-element elementor-element-4a7b86f e-con-full cmsmasters-effect cmsmasters-effect-type-transform e-flex cmsmasters-block-default e-con e-child\" data-id=\"4a7b86f\" data-element_type=\"container\" data-settings=\"{&quot;background_background&quot;:&quot;classic&quot;,&quot;cms_transform_hover_type&quot;:&quot;element&quot;}\">\n\t\t\t\t<div class=\"elementor-element elementor-element-1399180 cmsmasters-block-default cmsmasters-sticky-default elementor-widget elementor-widget-heading\" data-id=\"1399180\" data-element_type=\"widget\" data-widget_type=\"heading.default\">\n\t\t\t\t<div class=\"elementor-widget-container\">\n\t\t\t\t\t<span class=\"elementor-heading-title elementor-size-default\"><a href=\"https:\/\/doktoremrahyildiz.com\/iletisim\/\">\u0130leti\u015fim<\/a><\/span>\t\t\t\t<\/div>\n\t\t\t\t<\/div>\n\t\t\t\t<div class=\"elementor-element elementor-element-90dc4d9 cmsmasters-block-default cmsmasters-sticky-default elementor-widget elementor-widget-heading\" data-id=\"90dc4d9\" data-element_type=\"widget\" data-widget_type=\"heading.default\">\n\t\t\t\t<div class=\"elementor-widget-container\">\n\t\t\t\t\t<span class=\"elementor-heading-title elementor-size-default\"><a href=\"https:\/\/doktoremrahyildiz.com\/iletisim\/\">Yol tarifi i\u00e7in t\u0131klay\u0131n\u0131z<\/a><\/span>\t\t\t\t<\/div>\n\t\t\t\t<\/div>\n\t\t\t\t<\/section>\n\t\t<section class=\"elementor-element elementor-element-424d5b8 e-con-full e-flex cmsmasters-block-default e-con e-child\" data-id=\"424d5b8\" data-element_type=\"container\" data-settings=\"{&quot;background_background&quot;:&quot;classic&quot;}\">\n\t\t\t\t<div class=\"elementor-element elementor-element-c2e1362 cmsmasters-block-default cmsmasters-sticky-default elementor-widget elementor-widget-heading\" data-id=\"c2e1362\" data-element_type=\"widget\" data-widget_type=\"heading.default\">\n\t\t\t\t<div class=\"elementor-widget-container\">\n\t\t\t\t\t<span class=\"elementor-heading-title elementor-size-default\"><a href=\"https:\/\/doktoremrahyildiz.com\/hakkimizda\/\">DR. EMRAH YILDIZ<\/a><\/span>\t\t\t\t<\/div>\n\t\t\t\t<\/div>\n\t\t\t\t<div class=\"elementor-element elementor-element-14f54bb cmsmasters-block-default cmsmasters-sticky-default elementor-widget elementor-widget-heading\" data-id=\"14f54bb\" data-element_type=\"widget\" data-widget_type=\"heading.default\">\n\t\t\t\t<div class=\"elementor-widget-container\">\n\t\t\t\t\t<span class=\"elementor-heading-title elementor-size-default\"><a href=\"https:\/\/doktoremrahyildiz.com\/hakkimizda\/\">Hakk\u0131m\u0131zda i\u00e7in t\u0131klay\u0131n\u0131z.<\/a><\/span>\t\t\t\t<\/div>\n\t\t\t\t<\/div>\n\t\t\t\t<\/section>\n\t\t\t\t<\/div>\n\t\t<div class=\"elementor-element elementor-element-bbed9ce e-con-full e-flex cmsmasters-block-default e-con e-child\" data-id=\"bbed9ce\" data-element_type=\"container\">\n\t\t\t\t<\/div>\n\t\t\t\t<\/section>\n\t\t\t\t<\/div>\n\t\t","protected":false},"excerpt":{"rendered":"<p>Hakk\u0131mda DR. EMRAH YILDIZ 1987 y\u0131l\u0131nda Diyarba\u0131r\u2019da do\u011fdu. 2010 y\u0131l\u0131nda Dicle \u00dcniversitesi T\u0131p Fak\u00fcltesinden mezun oldu g\u00fcn\u00fcm\u00fczde kendi ofisinde \u00e7al\u0131\u015fmalar\u0131na devam etmektedir. \u00d6zge\u00e7mi\u015f \u0130leti\u015fim Yol tarifi i\u00e7in t\u0131klay\u0131n\u0131z DR. EMRAH YILDIZ Hakk\u0131m\u0131zda i\u00e7in t\u0131klay\u0131n\u0131z.<\/p>\n","protected":false},"author":1,"featured_media":35439,"parent":0,"menu_order":0,"comment_status":"closed","ping_status":"closed","template":"","meta":{"_acf_changed":false,"footnotes":""},"class_list":["post-29193","page","type-page","status-publish","has-post-thumbnail","hentry"],"acf":[],"yoast_head":"<!-- This site is optimized with the Yoast SEO plugin v26.7 - https:\/\/yoast.com\/wordpress\/plugins\/seo\/ -->\n<title>Hakk\u0131m\u0131zda - DR. EMRAH YILDIZ<\/title>\n<meta name=\"description\" content=\"DR. EMRAH YILDIZ - Hakk\u0131m\u0131zda -\" \/>\n<meta name=\"robots\" content=\"index, follow, max-snippet:-1, max-image-preview:large, max-video-preview:-1\" \/>\n<link rel=\"canonical\" href=\"https:\/\/doktoremrahyildiz.com\/?page_id=29193\" \/>\n<meta property=\"og:locale\" content=\"tr_TR\" \/>\n<meta property=\"og:type\" content=\"article\" \/>\n<meta property=\"og:title\" content=\"Hakk\u0131m\u0131zda - DR. EMRAH YILDIZ\" \/>\n<meta property=\"og:description\" content=\"DR. EMRAH YILDIZ - Hakk\u0131m\u0131zda -\" \/>\n<meta property=\"og:url\" content=\"https:\/\/doktoremrahyildiz.com\/?page_id=29193\" \/>\n<meta property=\"og:site_name\" content=\"DR. EMRAH YILDIZ\" \/>\n<meta property=\"article:modified_time\" content=\"2025-07-07T07:36:09+00:00\" \/>\n<meta property=\"og:image\" content=\"https:\/\/doktoremrahyildiz.com\/wp-content\/uploads\/2025\/07\/admin-ajax.jpeg\" \/>\n\t<meta property=\"og:image:width\" content=\"427\" \/>\n\t<meta property=\"og:image:height\" content=\"600\" \/>\n\t<meta property=\"og:image:type\" content=\"image\/jpeg\" \/>\n<meta name=\"twitter:card\" content=\"summary_large_image\" \/>\n<meta name=\"twitter:label1\" content=\"Tahmini okuma s\u00fcresi\" \/>\n\t<meta name=\"twitter:data1\" content=\"1 dakika\" \/>\n<script type=\"application\/ld+json\" class=\"yoast-schema-graph\">{\"@context\":\"https:\/\/schema.org\",\"@graph\":[{\"@type\":\"WebPage\",\"@id\":\"https:\/\/doktoremrahyildiz.com\/?page_id=29193\",\"url\":\"https:\/\/doktoremrahyildiz.com\/?page_id=29193\",\"name\":\"Hakk\u0131m\u0131zda - DR. EMRAH YILDIZ\",\"isPartOf\":{\"@id\":\"https:\/\/doktoremrahyildiz.com\/#website\"},\"primaryImageOfPage\":{\"@id\":\"https:\/\/doktoremrahyildiz.com\/?page_id=29193#primaryimage\"},\"image\":{\"@id\":\"https:\/\/doktoremrahyildiz.com\/?page_id=29193#primaryimage\"},\"thumbnailUrl\":\"https:\/\/doktoremrahyildiz.com\/wp-content\/uploads\/2025\/07\/admin-ajax.jpeg\",\"datePublished\":\"2024-02-12T14:31:52+00:00\",\"dateModified\":\"2025-07-07T07:36:09+00:00\",\"description\":\"DR. EMRAH YILDIZ - Hakk\u0131m\u0131zda -\",\"breadcrumb\":{\"@id\":\"https:\/\/doktoremrahyildiz.com\/?page_id=29193#breadcrumb\"},\"inLanguage\":\"tr\",\"potentialAction\":[{\"@type\":\"ReadAction\",\"target\":[\"https:\/\/doktoremrahyildiz.com\/?page_id=29193\"]}]},{\"@type\":\"ImageObject\",\"inLanguage\":\"tr\",\"@id\":\"https:\/\/doktoremrahyildiz.com\/?page_id=29193#primaryimage\",\"url\":\"https:\/\/doktoremrahyildiz.com\/wp-content\/uploads\/2025\/07\/admin-ajax.jpeg\",\"contentUrl\":\"https:\/\/doktoremrahyildiz.com\/wp-content\/uploads\/2025\/07\/admin-ajax.jpeg\",\"width\":427,\"height\":600},{\"@type\":\"BreadcrumbList\",\"@id\":\"https:\/\/doktoremrahyildiz.com\/?page_id=29193#breadcrumb\",\"itemListElement\":[{\"@type\":\"ListItem\",\"position\":1,\"name\":\"Anasayfa\",\"item\":\"https:\/\/doktoremrahyildiz.com\/\"},{\"@type\":\"ListItem\",\"position\":2,\"name\":\"Hakk\u0131m\u0131zda\"}]},{\"@type\":\"WebSite\",\"@id\":\"https:\/\/doktoremrahyildiz.com\/#website\",\"url\":\"https:\/\/doktoremrahyildiz.com\/\",\"name\":\"DR. EMRAH YILDIZ\",\"description\":\"DOKTOR\",\"publisher\":{\"@id\":\"https:\/\/doktoremrahyildiz.com\/#organization\"},\"alternateName\":\"DR. EMRAH YILDIZ\",\"potentialAction\":[{\"@type\":\"SearchAction\",\"target\":{\"@type\":\"EntryPoint\",\"urlTemplate\":\"https:\/\/doktoremrahyildiz.com\/?s={search_term_string}\"},\"query-input\":{\"@type\":\"PropertyValueSpecification\",\"valueRequired\":true,\"valueName\":\"search_term_string\"}}],\"inLanguage\":\"tr\"},{\"@type\":\"Organization\",\"@id\":\"https:\/\/doktoremrahyildiz.com\/#organization\",\"name\":\"DR. EMRAH YILDIZ\",\"alternateName\":\"DR. EMRAH YILDIZ\",\"url\":\"https:\/\/doktoremrahyildiz.com\/\",\"logo\":{\"@type\":\"ImageObject\",\"inLanguage\":\"tr\",\"@id\":\"https:\/\/doktoremrahyildiz.com\/#\/schema\/logo\/image\/\",\"url\":\"https:\/\/emrah.dreklam.org\/wp-content\/uploads\/2025\/07\/admin-ajax-2.png\",\"contentUrl\":\"https:\/\/emrah.dreklam.org\/wp-content\/uploads\/2025\/07\/admin-ajax-2.png\",\"width\":496,\"height\":108,\"caption\":\"DR. EMRAH YILDIZ\"},\"image\":{\"@id\":\"https:\/\/doktoremrahyildiz.com\/#\/schema\/logo\/image\/\"}}]}<\/script>\n<!-- \/ Yoast SEO plugin. -->","yoast_head_json":{"title":"Hakk\u0131m\u0131zda - DR. EMRAH YILDIZ","description":"DR. EMRAH YILDIZ - Hakk\u0131m\u0131zda -","robots":{"index":"index","follow":"follow","max-snippet":"max-snippet:-1","max-image-preview":"max-image-preview:large","max-video-preview":"max-video-preview:-1"},"canonical":"https:\/\/doktoremrahyildiz.com\/?page_id=29193","og_locale":"tr_TR","og_type":"article","og_title":"Hakk\u0131m\u0131zda - DR. EMRAH YILDIZ","og_description":"DR. EMRAH YILDIZ - Hakk\u0131m\u0131zda -","og_url":"https:\/\/doktoremrahyildiz.com\/?page_id=29193","og_site_name":"DR. EMRAH YILDIZ","article_modified_time":"2025-07-07T07:36:09+00:00","og_image":[{"width":427,"height":600,"url":"https:\/\/doktoremrahyildiz.com\/wp-content\/uploads\/2025\/07\/admin-ajax.jpeg","type":"image\/jpeg"}],"twitter_card":"summary_large_image","twitter_misc":{"Tahmini okuma s\u00fcresi":"1 dakika"},"schema":{"@context":"https:\/\/schema.org","@graph":[{"@type":"WebPage","@id":"https:\/\/doktoremrahyildiz.com\/?page_id=29193","url":"https:\/\/doktoremrahyildiz.com\/?page_id=29193","name":"Hakk\u0131m\u0131zda - DR. EMRAH YILDIZ","isPartOf":{"@id":"https:\/\/doktoremrahyildiz.com\/#website"},"primaryImageOfPage":{"@id":"https:\/\/doktoremrahyildiz.com\/?page_id=29193#primaryimage"},"image":{"@id":"https:\/\/doktoremrahyildiz.com\/?page_id=29193#primaryimage"},"thumbnailUrl":"https:\/\/doktoremrahyildiz.com\/wp-content\/uploads\/2025\/07\/admin-ajax.jpeg","datePublished":"2024-02-12T14:31:52+00:00","dateModified":"2025-07-07T07:36:09+00:00","description":"DR. EMRAH YILDIZ - Hakk\u0131m\u0131zda -","breadcrumb":{"@id":"https:\/\/doktoremrahyildiz.com\/?page_id=29193#breadcrumb"},"inLanguage":"tr","potentialAction":[{"@type":"ReadAction","target":["https:\/\/doktoremrahyildiz.com\/?page_id=29193"]}]},{"@type":"ImageObject","inLanguage":"tr","@id":"https:\/\/doktoremrahyildiz.com\/?page_id=29193#primaryimage","url":"https:\/\/doktoremrahyildiz.com\/wp-content\/uploads\/2025\/07\/admin-ajax.jpeg","contentUrl":"https:\/\/doktoremrahyildiz.com\/wp-content\/uploads\/2025\/07\/admin-ajax.jpeg","width":427,"height":600},{"@type":"BreadcrumbList","@id":"https:\/\/doktoremrahyildiz.com\/?page_id=29193#breadcrumb","itemListElement":[{"@type":"ListItem","position":1,"name":"Anasayfa","item":"https:\/\/doktoremrahyildiz.com\/"},{"@type":"ListItem","position":2,"name":"Hakk\u0131m\u0131zda"}]},{"@type":"WebSite","@id":"https:\/\/doktoremrahyildiz.com\/#website","url":"https:\/\/doktoremrahyildiz.com\/","name":"DR. EMRAH YILDIZ","description":"DOKTOR","publisher":{"@id":"https:\/\/doktoremrahyildiz.com\/#organization"},"alternateName":"DR. EMRAH YILDIZ","potentialAction":[{"@type":"SearchAction","target":{"@type":"EntryPoint","urlTemplate":"https:\/\/doktoremrahyildiz.com\/?s={search_term_string}"},"query-input":{"@type":"PropertyValueSpecification","valueRequired":true,"valueName":"search_term_string"}}],"inLanguage":"tr"},{"@type":"Organization","@id":"https:\/\/doktoremrahyildiz.com\/#organization","name":"DR. EMRAH YILDIZ","alternateName":"DR. EMRAH YILDIZ","url":"https:\/\/doktoremrahyildiz.com\/","logo":{"@type":"ImageObject","inLanguage":"tr","@id":"https:\/\/doktoremrahyildiz.com\/#\/schema\/logo\/image\/","url":"https:\/\/emrah.dreklam.org\/wp-content\/uploads\/2025\/07\/admin-ajax-2.png","contentUrl":"https:\/\/emrah.dreklam.org\/wp-content\/uploads\/2025\/07\/admin-ajax-2.png","width":496,"height":108,"caption":"DR. EMRAH YILDIZ"},"image":{"@id":"https:\/\/doktoremrahyildiz.com\/#\/schema\/logo\/image\/"}}]}},"_links":{"self":[{"href":"https:\/\/doktoremrahyildiz.com\/index.php?rest_route=\/wp\/v2\/pages\/29193","targetHints":{"allow":["GET"]}}],"collection":[{"href":"https:\/\/doktoremrahyildiz.com\/index.php?rest_route=\/wp\/v2\/pages"}],"about":[{"href":"https:\/\/doktoremrahyildiz.com\/index.php?rest_route=\/wp\/v2\/types\/page"}],"author":[{"embeddable":true,"href":"https:\/\/doktoremrahyildiz.com\/index.php?rest_route=\/wp\/v2\/users\/1"}],"replies":[{"embeddable":true,"href":"https:\/\/doktoremrahyildiz.com\/index.php?rest_route=%2Fwp%2Fv2%2Fcomments&post=29193"}],"version-history":[{"count":0,"href":"https:\/\/doktoremrahyildiz.com\/index.php?rest_route=\/wp\/v2\/pages\/29193\/revisions"}],"wp:featuredmedia":[{"embeddable":true,"href":"https:\/\/doktoremrahyildiz.com\/index.php?rest_route=\/wp\/v2\/media\/35439"}],"wp:attachment":[{"href":"https:\/\/doktoremrahyildiz.com\/index.php?rest_route=%2Fwp%2Fv2%2Fmedia&parent=29193"}],"curies":[{"name":"wp","href":"https:\/\/api.w.org\/{rel}","templated":true}]}}